{"id":18,"date":"2023-11-24T16:27:56","date_gmt":"2023-11-24T13:27:56","guid":{"rendered":"https:\/\/www.agsharita.com\/index.php\/about\/"},"modified":"2023-12-20T19:18:20","modified_gmt":"2023-12-20T16:18:20","slug":"about","status":"publish","type":"page","link":"https:\/\/www.agsharita.com\/index.php\/about\/","title":{"rendered":"HAKKIMIZDA"},"content":{"rendered":"<p><img fetchpriority=\"high\" decoding=\"async\" class=\" wp-image-202 aligncenter\" src=\"https:\/\/www.agsharita.com\/wp-content\/uploads\/2023\/12\/cropped-LG-1-300x122.jpg\" alt=\"\" width=\"423\" height=\"172\" srcset=\"https:\/\/www.agsharita.com\/wp-content\/uploads\/2023\/12\/cropped-LG-1-300x122.jpg 300w, https:\/\/www.agsharita.com\/wp-content\/uploads\/2023\/12\/cropped-LG-1.jpg 323w\" sizes=\"(max-width: 423px) 100vw, 423px\" \/><\/p>\n<p>&nbsp;<\/p>\n<p>&nbsp;<\/p>\n<p>Ankara merkezli kurulan firmam\u0131z, in\u015faat, mimarl\u0131k, \u015fehir planlama, enerji gibi bir\u00e7ok meslek disiplini ile \u00f6nemli projelere imza atm\u0131\u015ft\u0131r. \u00d6zellikle \u00fclkemizin \u00f6n\u00fcm\u00fczdeki y\u0131llar\u0131 i\u00e7in stratejik \u00f6nemde olan GES, RES, HES \u00f6ncelikli enerji projelerinde, lisans al\u0131m s\u00fcre\u00e7lerinden itibaren projelerin hayata ge\u00e7irilmesinde \u00f6nemli yer tutan t\u00fcm m\u00fclkiyet edinim i\u015flemlerinde uzmanla\u015fm\u0131\u015ft\u0131r.\u00c7a\u011f\u0131m\u0131z\u0131n vazge\u00e7ilmezi teknolojik altyap\u0131y\u0131 etkin ve verimli kullanma hedefiyle, hizmet verdi\u011fi sekt\u00f6rlere kaliteyi s\u00fcrd\u00fcr\u00fclebilirlik temelinde sunmak birinci \u00f6nceli\u011fimizdir.<\/p>\n<p>&nbsp;<\/p>\n<ul>\n<li><strong>Vizyon:<\/strong>\u00a0M\u00fc\u015fteri memnuniyetini ve kaliteyi ilke edinerek sekt\u00f6r\u00fcnde \u00f6nc\u00fc olmak.<\/li>\n<\/ul>\n<p>&nbsp;<\/p>\n<ul>\n<li><strong>Misyon:<\/strong>\u00a0G\u00fcveni ilke edinmi\u015f personel yap\u0131m\u0131zla, h\u0131z\u0131, dinamizmi ve teknolojik altyap\u0131y\u0131 kullanarak<br \/>\nen iyi m\u00fchendislik \u00e7\u00f6z\u00fcmleri \u00fcretmek.<\/li>\n<\/ul>\n<p>&nbsp;<\/p>\n<p><strong>FAAL\u0130YET ALANLARIMIZ:<\/strong><\/p>\n<ul>\n<li>\u00a0Enerji Projeleri \u0130zin ve M\u00fclkiyet Edinim S\u00fcre\u00e7leri<\/li>\n<li>\u00a0D.S.\u0130 Sulama Projeleri Aplikasyon ve Piketaj Hizmetleri<\/li>\n<li>\u00a0Yap\u0131 Denetim Uygulamalar\u0131 (Yer Teslim, Temel Vize vs.)<\/li>\n<li>\u00a0Kamula\u015ft\u0131rma M\u00fchendislik Hizmeti<\/li>\n<li>\u00a0Halihaz\u0131r Harita ve Plankote Hizmetleri<\/li>\n<li>\u00a0\u0130\u00e7mesuyu , Kanalizasyon, Altyap\u0131 Tatbikat ve \u0130\u015fletme Projeleri<\/li>\n<li>\u00a0G\u00fczergah Haritalar\u0131<\/li>\n<li>\u00a0Kamula\u015ft\u0131rma Planlar\u0131<\/li>\n<li>\u00a0Parselasyon Planlar\u0131<\/li>\n<li>\u00a0Boykesit ve enkesit Haritalar\u0131<\/li>\n<li>\u00a0Maden, Ta\u015f Oca\u011f\u0131 Haritalar\u0131<\/li>\n<li>\u00a0Say\u0131salla\u015ft\u0131rma<\/li>\n<li>\u00a0Her T\u00fcrl\u00fc Aplikasyon Hizmetleri<\/li>\n<li>\u00a0\u0130mar plan\u0131 uygulamalar\u0131 (yola terk, ifraz, tevhid, vb.)<\/li>\n<li>\u00a0Kadastro ile ilgili tescil i\u015flemleri takibi (s\u0131n\u0131r d\u00fczeltmesi,cins de\u011fi\u015fikli\u011fi,vb.)<\/li>\n<li>\u00a0Y\u00fckseklik \u00f6l\u00e7\u00fcm\u00fc (kule, bina, k\u00f6pr\u00fc, enerji nakil hatt\u0131, vb.)<\/li>\n<li>\u00a0Hacim, hafriyat, k\u00fcbaj hesaplama<\/li>\n<li>\u00a0Yol proje uygulamalar\u0131<\/li>\n<li>\u00a0Ta\u015f\u0131nmaz Mal De\u011ferlemesi<\/li>\n<\/ul>\n<p>&nbsp;<\/p>\n","protected":false},"excerpt":{"rendered":"<p>&nbsp; &nbsp; Ankara merkezli kurulan firmam\u0131z, in\u015faat, mimarl\u0131k, \u015fehir planlama, enerji gibi bir\u00e7ok meslek disiplini ile \u00f6nemli projelere imza atm\u0131\u015ft\u0131r. \u00d6zellikle \u00fclkemizin \u00f6n\u00fcm\u00fczdeki y\u0131llar\u0131 i\u00e7in stratejik \u00f6nemde olan GES, RES, HES \u00f6ncelikli enerji projelerinde, lisans al\u0131m s\u00fcre\u00e7lerinden itibaren projelerin hayata ge\u00e7irilmesinde \u00f6nemli yer tutan t\u00fcm m\u00fclkiyet edinim i\u015flemlerinde uzmanla\u015fm\u0131\u015ft\u0131r.\u00c7a\u011f\u0131m\u0131z\u0131n vazge\u00e7ilmezi teknolojik altyap\u0131y\u0131 etkin ve verimli<\/p><\/div>\n<div class=\"blog-btn\"><a href=\"https:\/\/www.agsharita.com\/index.php\/about\/\" class=\"home-blog-btn\">Daha fazlas\u0131n\u0131 oku<\/a><\/p>\n","protected":false},"author":1,"featured_media":0,"parent":0,"menu_order":0,"comment_status":"closed","ping_status":"closed","template":"","meta":{"footnotes":""},"class_list":["post-18","page","type-page","status-publish","hentry"],"_links":{"self":[{"href":"https:\/\/www.agsharita.com\/index.php\/wp-json\/wp\/v2\/pages\/18","targetHints":{"allow":["GET"]}}],"collection":[{"href":"https:\/\/www.agsharita.com\/index.php\/wp-json\/wp\/v2\/pages"}],"about":[{"href":"https:\/\/www.agsharita.com\/index.php\/wp-json\/wp\/v2\/types\/page"}],"author":[{"embeddable":true,"href":"https:\/\/www.agsharita.com\/index.php\/wp-json\/wp\/v2\/users\/1"}],"replies":[{"embeddable":true,"href":"https:\/\/www.agsharita.com\/index.php\/wp-json\/wp\/v2\/comments?post=18"}],"version-history":[{"count":9,"href":"https:\/\/www.agsharita.com\/index.php\/wp-json\/wp\/v2\/pages\/18\/revisions"}],"predecessor-version":[{"id":209,"href":"https:\/\/www.agsharita.com\/index.php\/wp-json\/wp\/v2\/pages\/18\/revisions\/209"}],"wp:attachment":[{"href":"https:\/\/www.agsharita.com\/index.php\/wp-json\/wp\/v2\/media?parent=18"}],"curies":[{"name":"wp","href":"https:\/\/api.w.org\/{rel}","templated":true}]}}